{"id":19013,"date":"2022-04-14T15:52:01","date_gmt":"2022-04-14T13:52:01","guid":{"rendered":"https:\/\/test.hydroplast.it\/?page_id=19013"},"modified":"2022-04-14T15:54:24","modified_gmt":"2022-04-14T13:54:24","slug":"privacy","status":"publish","type":"page","link":"https:\/\/test.hydroplast.it\/?page_id=19013&lang=it","title":{"rendered":"PRIVACY"},"content":{"rendered":"<div class=\"fusion-fullwidth fullwidth-box fusion-builder-row-1 hundred-percent-fullwidth non-hundred-percent-height-scrolling\" style=\"background-color: rgba(226,226,226,0);background-position: left top;background-repeat: no-repeat;padding-top:0px;padding-right:0px;padding-bottom:0px;padding-left:0px;margin-bottom: 0px;margin-top: 0px;border-width: 0px 0px 0px 0px;border-color:#eae9e9;border-style:solid;\" ><div class=\"fusion-builder-row fusion-row\"><div class=\"fusion-layout-column fusion_builder_column fusion-builder-column-0 fusion_builder_column_1_1 1_1 fusion-one-full fusion-column-first fusion-column-last\" style=\"margin-top:15px;margin-bottom:15px;\"><div class=\"fusion-column-wrapper fusion-flex-column-wrapper-legacy\" style=\"background-position:left top;background-repeat:no-repeat;-webkit-background-size:cover;-moz-background-size:cover;-o-background-size:cover;background-size:cover;padding: 0px 0px 0px 0px;\"><div class=\"fusion-text fusion-text-1\"><h3 class=\"\" style=\"text-align: center; --fontsize: 16; line-height: 1.88; --minfontsize: 16; font-size: 38px;\" data-fontsize=\"16\" data-lineheight=\"30.08px\" data-fusion-font=\"true\">Privacy<\/h3>\n<\/div><div class=\"fusion-sep-clear\"><\/div><div class=\"fusion-separator fusion-full-width-sep\" style=\"margin-left: auto;margin-right: auto;width:100%;\"><div class=\"fusion-separator-border sep-double sep-solid\" style=\"border-color:#000000;border-top-width:1px;border-bottom-width:1px;\"><\/div><\/div><div class=\"fusion-sep-clear\"><\/div><div class=\"fusion-clearfix\"><\/div><\/div><\/div><div class=\"fusion-layout-column fusion_builder_column fusion-builder-column-1 fusion_builder_column_1_1 1_1 fusion-one-full fusion-column-first fusion-column-last\" style=\"margin-top:15px;margin-bottom:15px;\"><div class=\"fusion-column-wrapper fusion-flex-column-wrapper-legacy\" style=\"background-position:left top;background-repeat:no-repeat;-webkit-background-size:cover;-moz-background-size:cover;-o-background-size:cover;background-size:cover;padding: 0px 0px 0px 0px;\"><div class=\"fusion-text fusion-text-2\"><p><b data-fusion-font=\"true\" data-fusion-google-font=\"Montserrat\" data-fusion-google-variant=\"400\" style=\"font-family: Montserrat; color: rgb(255, 0, 0);\">PREMESSA<\/b><\/p>\n<p><b data-fusion-font=\"true\" data-fusion-google-font=\"Montserrat\" data-fusion-google-variant=\"400\" style=\"font-family: Montserrat;\">Ai sensi dell\u2019art. 13 del Regolamento UE 2016\/679 (GDPR), il trattamento dei dati personali sar\u00e0 improntato a principi di liceit\u00e0, correttezza e trasparenza, limitazione delle finalit\u00e0 e della conservazione, minimizzazione dei dati, esattezza, integrit\u00e0 e responsabilizzazione, a tutela della riservatezza e dei diritti dell\u2019interessato.<\/b><\/p>\n<p><b data-fusion-font=\"true\" data-fusion-google-font=\"Montserrat\" data-fusion-google-variant=\"400\" style=\"font-family: Montserrat; color: rgb(255, 0, 0);\">TITOLARE DEL TRATTAMENTO<\/b><\/p>\n<p><b data-fusion-font=\"true\" data-fusion-google-font=\"Montserrat\" data-fusion-google-variant=\"400\" style=\"font-family: Montserrat;\">Il Titolare del trattamento \u2013 HYDROPLAST S.R.L. -, C.F. e P.I. 01154080038, con sede legale a Suno (NO) Via Novara n. 46 &#8211; in persona del suo legale rappresentante \u2013 fornisce all\u2019interessato le seguenti informazioni, ai sensi e per gli effetti dell\u2019art. 13 del regolamento UE n. 2016\/679, in seguito anche GDPR.<\/b><\/p>\n<p><b data-fusion-font=\"true\" data-fusion-google-font=\"Montserrat\" data-fusion-google-variant=\"400\" style=\"font-family: Montserrat; color: rgb(255, 0, 0);\">OGGETTO E FINALIT\u00c0<\/b><\/p>\n<p><b data-fusion-font=\"true\" data-fusion-google-font=\"Montserrat\" data-fusion-google-variant=\"400\" style=\"font-family: Montserrat;\">La presente Privacy Policy riguarda i Dati Personali forniti al fine dell\u2019utilizzo del sito istituzionale \u201chttp:\/\/www.hydroplast.it\/\u201d (la \u201cPiattaforma\u201d).<\/b><\/p>\n<p><b data-fusion-font=\"true\" data-fusion-google-font=\"Montserrat\" data-fusion-google-variant=\"400\" style=\"font-family: Montserrat;\">I Dati Personali trattati dal Titolare si riferiscono alle persone fisiche ed ai soci che utilizzano il sito per ricevere informazioni aggiornate sulle attivit\u00e0 svolte da HYDROPLAST SRL. <\/b><\/p>\n<p><b data-fusion-font=\"true\" data-fusion-google-font=\"Montserrat\" data-fusion-google-variant=\"400\" style=\"font-family: Montserrat;\">Il Titolare raccoglie ed utilizza i Dati per lo svolgimento delle attivit\u00e0 sopra indicate.La presente informativa \u00e8 fornita ai sensi del Regolamento UE 2016\/679 (\u201cRegolamento\u201d). <\/b><\/p>\n<p><b data-fusion-font=\"true\" data-fusion-google-font=\"Montserrat\" data-fusion-google-variant=\"400\" style=\"font-family: Montserrat; color: rgb(255, 0, 0);\">MODALIT\u00c0 DI TRATTAMENTO<\/b><\/p>\n<p><b data-fusion-font=\"true\" data-fusion-google-font=\"Montserrat\" data-fusion-google-variant=\"400\" style=\"font-family: Montserrat;\">Il Titolare tratta i Dati Personali degli Utenti adottando le opportune misure di sicurezza volte ad impedire l\u2019accesso, la divulgazione, la modifica o la distruzione non autorizzate dei Dati Personali.<\/b><\/p>\n<p><b data-fusion-font=\"true\" data-fusion-google-font=\"Montserrat\" data-fusion-google-variant=\"400\" style=\"font-family: Montserrat;\">Il trattamento viene effettuato mediante strumenti informatici e\/o telematici, con modalit\u00e0 organizzative e con logiche strettamente correlate alle finalit\u00e0 indicate. Oltre al Titolare, in alcuni casi, potrebbero avere accesso ai Dati categorie di incaricati coinvolti (personale amministrativo, commerciale, legali, amministratori di sistema) ovvero soggetti esterni (come fornitori di servizi tecnici terzi, corrieri postali, hosting provider, societ\u00e0 informatiche, agenzie di comunicazione) nominati anche, se necessario, Responsabili del Trattamento da parte del Titolare.<\/b><\/p>\n<p><b data-fusion-font=\"true\" data-fusion-google-font=\"Montserrat\" data-fusion-google-variant=\"400\" style=\"font-family: Montserrat;\">L\u2019elenco aggiornato dei Responsabili potr\u00e0 sempre essere richiesto al Titolare del Trattamento. <\/b><\/p>\n<p><b data-fusion-font=\"true\" data-fusion-google-font=\"Montserrat\" data-fusion-google-variant=\"400\" style=\"font-family: Montserrat; color: rgb(255, 0, 0);\">LUOGO<\/b><\/p>\n<p><b data-fusion-font=\"true\" data-fusion-google-font=\"Montserrat\" data-fusion-google-variant=\"400\" style=\"font-family: Montserrat;\">I Dati sono trattati presso le sedi operative del Titolare ed in ogni altro luogo in cui le parti coinvolte nel trattamento siano localizzate. Per ulteriori informazioni, si prega di contattare il Titolare.<\/b><\/p>\n<p><b data-fusion-font=\"true\" data-fusion-google-font=\"Montserrat\" data-fusion-google-variant=\"400\" style=\"font-family: Montserrat; color: rgb(255, 0, 0);\">TRASFERIMENTO VERSO PAESI TERZI<\/b><\/p>\n<p><b data-fusion-font=\"true\" data-fusion-google-font=\"Montserrat\" data-fusion-google-variant=\"400\" style=\"font-family: Montserrat;\">La societ\u00e0, in qualit\u00e0 di Titolare del Trattamento, informa gli interessati del fatto che i dati personali possono non saranno trasferiti all\u2019estero in paesi extra UE, o in paesi considerati non safe dai Garanti Europei.<\/b><\/p>\n<p><b data-fusion-font=\"true\" data-fusion-google-font=\"Montserrat\" data-fusion-google-variant=\"400\" style=\"font-family: Montserrat; color: rgb(255, 0, 0);\">CONSERVAZIONE DEI DATI PERSONALI<\/b><\/p>\n<p><b data-fusion-font=\"true\" data-fusion-google-font=\"Montserrat\" data-fusion-google-variant=\"400\" style=\"font-family: Montserrat;\">I dati raccolti saranno debitamente conservati per un periodo massimo quantificabile in 10 anni o per un termine variabile, secondo criteri di bilanciamento di interessi legittimi aziendali (legati a verifiche fiscali, eventuale corrispondenza commerciale speciale, quale contenzioso speciale, quale contenziosi, morosit\u00e0, aspetti legali, acquisto periodico, fini statistici).<\/b><\/p>\n<p><b data-fusion-font=\"true\" data-fusion-google-font=\"Montserrat\" data-fusion-google-variant=\"400\" style=\"font-family: Montserrat; color: rgb(255, 0, 0);\">DIRITTI DEGLI INTERESSATI<\/b><\/p>\n<p><b data-fusion-font=\"true\" data-fusion-google-font=\"Montserrat\" data-fusion-google-variant=\"400\" style=\"font-family: Montserrat;\">Ai sensi dell&#8217;art. 13, par.2, lett. b), c), d) del Reg. UE 2016\/679, \u00e8 possibile rivolgersi al Titolare del trattamento, per far valere i seguenti diritti, relativi al trattamento dei dati personali:<\/b><\/p>\n<p><b data-fusion-font=\"true\" data-fusion-google-font=\"Montserrat\" data-fusion-google-variant=\"400\" style=\"font-family: Montserrat;\">&#8211;\tdiritto all&#8217;accesso (art. 15);<\/b><\/p>\n<p><b data-fusion-font=\"true\" data-fusion-google-font=\"Montserrat\" data-fusion-google-variant=\"400\" style=\"font-family: Montserrat;\">&#8211;\tdiritto di rettifica (art.16);<\/b><\/p>\n<p><b data-fusion-font=\"true\" data-fusion-google-font=\"Montserrat\" data-fusion-google-variant=\"400\" style=\"font-family: Montserrat;\">&#8211;\tdiritto di cancellazione (art.17);<\/b><\/p>\n<p><b data-fusion-font=\"true\" data-fusion-google-font=\"Montserrat\" data-fusion-google-variant=\"400\" style=\"font-family: Montserrat;\">&#8211;\tdiritto di limitazione (art. 18);<\/b><\/p>\n<p><b data-fusion-font=\"true\" data-fusion-google-font=\"Montserrat\" data-fusion-google-variant=\"400\" style=\"font-family: Montserrat;\">&#8211;\tdiritto alla portabilit\u00e0 del dato (art. 20)<\/b><\/p>\n<p><b data-fusion-font=\"true\" data-fusion-google-font=\"Montserrat\" data-fusion-google-variant=\"400\" style=\"font-family: Montserrat;\">&#8211;\tdiritto di opposizione (art.21)<\/b><\/p>\n<p><b data-fusion-font=\"true\" data-fusion-google-font=\"Montserrat\" data-fusion-google-variant=\"400\" style=\"font-family: Montserrat;\">&#8211;\tdiritto di proporre reclamo ad un&#8217;autorit\u00e0 di controllo ( art. 77);<\/b><\/p>\n<p><b data-fusion-font=\"true\" data-fusion-google-font=\"Montserrat\" data-fusion-google-variant=\"400\" style=\"font-family: Montserrat;\">&#8211;\tdiritto di revocare il consenso, nei casi previsti dall&#8217;art. 6, par.1, lett. a) oppure dall&#8217;art. 9, par.2, lett. a)<\/b><\/p>\n<p><b data-fusion-font=\"true\" data-fusion-google-font=\"Montserrat\" data-fusion-google-variant=\"400\" style=\"font-family: Montserrat;\">Per l\u2019esercizio di tali diritti o se desidera avere maggiori informazioni sul trattamento dei Suoi dati personali, l\u2019interessato potr\u00e0 rivolgersi direttamente al DPO (Data Protection Officer) a mezzo raccomandata A\/R all\u2019indirizzo Borgomanero (NO) Viale Achille Marazza n. 30, CAP 28021 C\/O PROGRAM LAB S.R.L.<\/b><\/p>\n<p><b data-fusion-font=\"true\" data-fusion-google-font=\"Montserrat\" data-fusion-google-variant=\"400\" style=\"font-family: Montserrat;\">Ulteriori informazioni potranno essere richieste a PROGRAMLAB@PROGRAM.IT.<\/b><\/p>\n<\/div><div class=\"fusion-clearfix\"><\/div><\/div><\/div><\/div><\/div>\n","protected":false},"excerpt":{"rendered":"","protected":false},"author":1,"featured_media":0,"parent":0,"menu_order":0,"comment_status":"open","ping_status":"closed","template":"100-width.php","meta":[],"_links":{"self":[{"href":"https:\/\/test.hydroplast.it\/index.php?rest_route=\/wp\/v2\/pages\/19013"}],"collection":[{"href":"https:\/\/test.hydroplast.it\/index.php?rest_route=\/wp\/v2\/pages"}],"about":[{"href":"https:\/\/test.hydroplast.it\/index.php?rest_route=\/wp\/v2\/types\/page"}],"author":[{"embeddable":true,"href":"https:\/\/test.hydroplast.it\/index.php?rest_route=\/wp\/v2\/users\/1"}],"replies":[{"embeddable":true,"href":"https:\/\/test.hydroplast.it\/index.php?rest_route=%2Fwp%2Fv2%2Fcomments&post=19013"}],"version-history":[{"count":2,"href":"https:\/\/test.hydroplast.it\/index.php?rest_route=\/wp\/v2\/pages\/19013\/revisions"}],"predecessor-version":[{"id":19015,"href":"https:\/\/test.hydroplast.it\/index.php?rest_route=\/wp\/v2\/pages\/19013\/revisions\/19015"}],"wp:attachment":[{"href":"https:\/\/test.hydroplast.it\/index.php?rest_route=%2Fwp%2Fv2%2Fmedia&parent=19013"}],"curies":[{"name":"wp","href":"https:\/\/api.w.org\/{rel}","templated":true}]}}